{"id":409,"date":"2025-10-03T13:37:41","date_gmt":"2025-10-03T13:37:41","guid":{"rendered":"https:\/\/lapaltona-hass.cl\/?post_type=product&#038;p=409"},"modified":"2025-10-28T15:28:31","modified_gmt":"2025-10-28T15:28:31","slug":"aceite-premium-de-palta-intensidad-suave-500-ml-borganic","status":"publish","type":"product","link":"https:\/\/lapaltona-hass.cl\/index.php\/producto\/aceite-premium-de-palta-intensidad-suave-500-ml-borganic\/","title":{"rendered":"Aceite Premium de Palta Intensidad suave 500 ml BOrganic + IVA"},"content":{"rendered":"","protected":false},"excerpt":{"rendered":"<ul>\n<li data-start=\"58\" data-end=\"160\">\n<p data-start=\"60\" data-end=\"160\">Ser <strong data-start=\"64\" data-end=\"89\">100\u202f% aceite de palta<\/strong>, sin mezcla con otros aceites.<\/p>\n<\/li>\n<li data-start=\"161\" data-end=\"335\">\n<p data-start=\"163\" data-end=\"335\">Tener calidad premium que le permite <strong data-start=\"200\" data-end=\"231\">soportar altas temperaturas<\/strong>, por lo que puede utilizarse para cocinar, fre\u00edr, saltear, etc.<\/p>\n<\/li>\n<li data-start=\"336\" data-end=\"450\">\n<p data-start=\"338\" data-end=\"450\">Presentarse en envase de <strong data-start=\"363\" data-end=\"373\">500 ml<\/strong> seg\u00fan su versi\u00f3n comercial est\u00e1ndar.<\/p>\n<\/li>\n<\/ul>\n","protected":false},"featured_media":640,"comment_status":"open","ping_status":"closed","template":"","meta":{"site-sidebar-layout":"default","site-content-layout":"","ast-site-content-layout":"default","site-content-style":"default","site-sidebar-style":"default","ast-global-header-display":"","ast-banner-title-visibility":"","ast-main-header-display":"","ast-hfb-above-header-display":"","ast-hfb-below-header-display":"","ast-hfb-mobile-header-display":"","site-post-title":"","ast-breadcrumbs-content":"","ast-featured-img":"","footer-sml-layout":"","ast-disable-related-posts":"","theme-transparent-header-meta":"default","adv-header-id-meta":"","stick-header-meta":"","header-above-stick-meta":"","header-main-stick-meta":"","header-below-stick-meta":"","astra-migrate-meta-layouts":"set","ast-page-background-enabled":"default","ast-page-background-meta":{"desktop":{"background-color":"var(--ast-global-color-5)","background-image":"","background-repeat":"repeat","background-position":"center center","background-size":"auto","background-attachment":"scroll","background-type":"","background-media":"","overlay-type":"","overlay-color":"","overlay-opacity":"","overlay-gradient":""},"tablet":{"background-color":"","background-image":"","background-repeat":"repeat","background-position":"center center","background-size":"auto","background-attachment":"scroll","background-type":"","background-media":"","overlay-type":"","overlay-color":"","overlay-opacity":"","overlay-gradient":""},"mobile":{"background-color":"","background-image":"","background-repeat":"repeat","background-position":"center center","background-size":"auto","background-attachment":"scroll","background-type":"","background-media":"","overlay-type":"","overlay-color":"","overlay-opacity":"","overlay-gradient":""}},"ast-content-background-meta":{"desktop":{"background-color":"var(--ast-global-color-4)","background-image":"","background-repeat":"repeat","background-position":"center center","background-size":"auto","background-attachment":"scroll","background-type":"","background-media":"","overlay-type":"","overlay-color":"","overlay-opacity":"","overlay-gradient":""},"tablet":{"background-color":"var(--ast-global-color-4)","background-image":"","background-repeat":"repeat","background-position":"center center","background-size":"auto","background-attachment":"scroll","background-type":"","background-media":"","overlay-type":"","overlay-color":"","overlay-opacity":"","overlay-gradient":""},"mobile":{"background-color":"var(--ast-global-color-4)","background-image":"","background-repeat":"repeat","background-position":"center center","background-size":"auto","background-attachment":"scroll","background-type":"","background-media":"","overlay-type":"","overlay-color":"","overlay-opacity":"","overlay-gradient":""}}},"product_brand":[],"product_cat":[27],"product_tag":[],"class_list":{"0":"post-409","1":"product","2":"type-product","3":"status-publish","4":"has-post-thumbnail","6":"product_cat-aceite","7":"desktop-align-left","8":"tablet-align-left","9":"mobile-align-left","11":"first","12":"instock","13":"taxable","14":"shipping-taxable","15":"purchasable","16":"product-type-variable"},"yoast_head":"<!-- This site is optimized with the Yoast SEO plugin v27.4 - https:\/\/yoast.com\/product\/yoast-seo-wordpress\/ -->\n<title>Aceite Premium de Palta Intensidad suave 500 ml BOrganic + IVA - La Paltona Hass<\/title>\n<meta name=\"robots\" content=\"index, follow, max-snippet:-1, max-image-preview:large, max-video-preview:-1\" \/>\n<link rel=\"canonical\" href=\"https:\/\/lapaltona-hass.cl\/index.php\/producto\/aceite-premium-de-palta-intensidad-suave-500-ml-borganic\/\" \/>\n<meta property=\"og:locale\" content=\"es_ES\" \/>\n<meta property=\"og:type\" content=\"article\" \/>\n<meta property=\"og:title\" content=\"Aceite Premium de Palta Intensidad suave 500 ml BOrganic + IVA - La Paltona Hass\" \/>\n<meta property=\"og:description\" content=\"Ser 100\u202f% aceite de palta, sin mezcla con otros aceites.    Tener calidad premium que le permite soportar altas temperaturas, por lo que puede utilizarse para cocinar, fre\u00edr, saltear, etc.    Presentarse en envase de 500 ml seg\u00fan su versi\u00f3n comercial est\u00e1ndar.\" \/>\n<meta property=\"og:url\" content=\"https:\/\/lapaltona-hass.cl\/index.php\/producto\/aceite-premium-de-palta-intensidad-suave-500-ml-borganic\/\" \/>\n<meta property=\"og:site_name\" content=\"La Paltona Hass\" \/>\n<meta property=\"article:modified_time\" content=\"2025-10-28T15:28:31+00:00\" \/>\n<meta property=\"og:image\" content=\"https:\/\/lapaltona-hass.cl\/wp-content\/uploads\/2025\/10\/IMG-20251003-WA0007.jpg\" \/>\n\t<meta property=\"og:image:width\" content=\"720\" \/>\n\t<meta property=\"og:image:height\" content=\"705\" \/>\n\t<meta property=\"og:image:type\" content=\"image\/jpeg\" \/>\n<meta name=\"twitter:card\" content=\"summary_large_image\" \/>\n<meta name=\"twitter:label1\" content=\"Tiempo de lectura\" \/>\n\t<meta name=\"twitter:data1\" content=\"1 minuto\" \/>\n<script type=\"application\/ld+json\" class=\"yoast-schema-graph\">{\"@context\":\"https:\\\/\\\/schema.org\",\"@graph\":[{\"@type\":\"WebPage\",\"@id\":\"https:\\\/\\\/lapaltona-hass.cl\\\/index.php\\\/producto\\\/aceite-premium-de-palta-intensidad-suave-500-ml-borganic\\\/\",\"url\":\"https:\\\/\\\/lapaltona-hass.cl\\\/index.php\\\/producto\\\/aceite-premium-de-palta-intensidad-suave-500-ml-borganic\\\/\",\"name\":\"Aceite Premium de Palta Intensidad suave 500 ml BOrganic + IVA - La Paltona Hass\",\"isPartOf\":{\"@id\":\"https:\\\/\\\/lapaltona-hass.cl\\\/#website\"},\"primaryImageOfPage\":{\"@id\":\"https:\\\/\\\/lapaltona-hass.cl\\\/index.php\\\/producto\\\/aceite-premium-de-palta-intensidad-suave-500-ml-borganic\\\/#primaryimage\"},\"image\":{\"@id\":\"https:\\\/\\\/lapaltona-hass.cl\\\/index.php\\\/producto\\\/aceite-premium-de-palta-intensidad-suave-500-ml-borganic\\\/#primaryimage\"},\"thumbnailUrl\":\"https:\\\/\\\/lapaltona-hass.cl\\\/wp-content\\\/uploads\\\/2025\\\/10\\\/IMG-20251003-WA0007.jpg\",\"datePublished\":\"2025-10-03T13:37:41+00:00\",\"dateModified\":\"2025-10-28T15:28:31+00:00\",\"breadcrumb\":{\"@id\":\"https:\\\/\\\/lapaltona-hass.cl\\\/index.php\\\/producto\\\/aceite-premium-de-palta-intensidad-suave-500-ml-borganic\\\/#breadcrumb\"},\"inLanguage\":\"es\",\"potentialAction\":[{\"@type\":\"ReadAction\",\"target\":[\"https:\\\/\\\/lapaltona-hass.cl\\\/index.php\\\/producto\\\/aceite-premium-de-palta-intensidad-suave-500-ml-borganic\\\/\"]}]},{\"@type\":\"ImageObject\",\"inLanguage\":\"es\",\"@id\":\"https:\\\/\\\/lapaltona-hass.cl\\\/index.php\\\/producto\\\/aceite-premium-de-palta-intensidad-suave-500-ml-borganic\\\/#primaryimage\",\"url\":\"https:\\\/\\\/lapaltona-hass.cl\\\/wp-content\\\/uploads\\\/2025\\\/10\\\/IMG-20251003-WA0007.jpg\",\"contentUrl\":\"https:\\\/\\\/lapaltona-hass.cl\\\/wp-content\\\/uploads\\\/2025\\\/10\\\/IMG-20251003-WA0007.jpg\",\"width\":720,\"height\":705},{\"@type\":\"BreadcrumbList\",\"@id\":\"https:\\\/\\\/lapaltona-hass.cl\\\/index.php\\\/producto\\\/aceite-premium-de-palta-intensidad-suave-500-ml-borganic\\\/#breadcrumb\",\"itemListElement\":[{\"@type\":\"ListItem\",\"position\":1,\"name\":\"Portada\",\"item\":\"https:\\\/\\\/lapaltona-hass.cl\\\/\"},{\"@type\":\"ListItem\",\"position\":2,\"name\":\"Tienda\",\"item\":\"https:\\\/\\\/lapaltona-hass.cl\\\/index.php\\\/tienda\\\/\"},{\"@type\":\"ListItem\",\"position\":3,\"name\":\"Aceite Premium de Palta Intensidad suave 500 ml BOrganic + IVA\"}]},{\"@type\":\"WebSite\",\"@id\":\"https:\\\/\\\/lapaltona-hass.cl\\\/#website\",\"url\":\"https:\\\/\\\/lapaltona-hass.cl\\\/\",\"name\":\"La Paltona Hass\",\"description\":\"\",\"publisher\":{\"@id\":\"https:\\\/\\\/lapaltona-hass.cl\\\/#organization\"},\"potentialAction\":[{\"@type\":\"SearchAction\",\"target\":{\"@type\":\"EntryPoint\",\"urlTemplate\":\"https:\\\/\\\/lapaltona-hass.cl\\\/?s={search_term_string}\"},\"query-input\":{\"@type\":\"PropertyValueSpecification\",\"valueRequired\":true,\"valueName\":\"search_term_string\"}}],\"inLanguage\":\"es\"},{\"@type\":\"Organization\",\"@id\":\"https:\\\/\\\/lapaltona-hass.cl\\\/#organization\",\"name\":\"La Paltona Hass\",\"url\":\"https:\\\/\\\/lapaltona-hass.cl\\\/\",\"logo\":{\"@type\":\"ImageObject\",\"inLanguage\":\"es\",\"@id\":\"https:\\\/\\\/lapaltona-hass.cl\\\/#\\\/schema\\\/logo\\\/image\\\/\",\"url\":\"https:\\\/\\\/lapaltona-hass.cl\\\/wp-content\\\/uploads\\\/2025\\\/10\\\/LOGO-LAPALTONA-NEW2.png\",\"contentUrl\":\"https:\\\/\\\/lapaltona-hass.cl\\\/wp-content\\\/uploads\\\/2025\\\/10\\\/LOGO-LAPALTONA-NEW2.png\",\"width\":1090,\"height\":1118,\"caption\":\"La Paltona Hass\"},\"image\":{\"@id\":\"https:\\\/\\\/lapaltona-hass.cl\\\/#\\\/schema\\\/logo\\\/image\\\/\"}}]}<\/script>\n<!-- \/ Yoast SEO plugin. -->","yoast_head_json":{"title":"Aceite Premium de Palta Intensidad suave 500 ml BOrganic + IVA - La Paltona Hass","robots":{"index":"index","follow":"follow","max-snippet":"max-snippet:-1","max-image-preview":"max-image-preview:large","max-video-preview":"max-video-preview:-1"},"canonical":"https:\/\/lapaltona-hass.cl\/index.php\/producto\/aceite-premium-de-palta-intensidad-suave-500-ml-borganic\/","og_locale":"es_ES","og_type":"article","og_title":"Aceite Premium de Palta Intensidad suave 500 ml BOrganic + IVA - La Paltona Hass","og_description":"Ser 100\u202f% aceite de palta, sin mezcla con otros aceites.    Tener calidad premium que le permite soportar altas temperaturas, por lo que puede utilizarse para cocinar, fre\u00edr, saltear, etc.    Presentarse en envase de 500 ml seg\u00fan su versi\u00f3n comercial est\u00e1ndar.","og_url":"https:\/\/lapaltona-hass.cl\/index.php\/producto\/aceite-premium-de-palta-intensidad-suave-500-ml-borganic\/","og_site_name":"La Paltona Hass","article_modified_time":"2025-10-28T15:28:31+00:00","og_image":[{"width":720,"height":705,"url":"https:\/\/lapaltona-hass.cl\/wp-content\/uploads\/2025\/10\/IMG-20251003-WA0007.jpg","type":"image\/jpeg"}],"twitter_card":"summary_large_image","twitter_misc":{"Tiempo de lectura":"1 minuto"},"schema":{"@context":"https:\/\/schema.org","@graph":[{"@type":"WebPage","@id":"https:\/\/lapaltona-hass.cl\/index.php\/producto\/aceite-premium-de-palta-intensidad-suave-500-ml-borganic\/","url":"https:\/\/lapaltona-hass.cl\/index.php\/producto\/aceite-premium-de-palta-intensidad-suave-500-ml-borganic\/","name":"Aceite Premium de Palta Intensidad suave 500 ml BOrganic + IVA - La Paltona Hass","isPartOf":{"@id":"https:\/\/lapaltona-hass.cl\/#website"},"primaryImageOfPage":{"@id":"https:\/\/lapaltona-hass.cl\/index.php\/producto\/aceite-premium-de-palta-intensidad-suave-500-ml-borganic\/#primaryimage"},"image":{"@id":"https:\/\/lapaltona-hass.cl\/index.php\/producto\/aceite-premium-de-palta-intensidad-suave-500-ml-borganic\/#primaryimage"},"thumbnailUrl":"https:\/\/lapaltona-hass.cl\/wp-content\/uploads\/2025\/10\/IMG-20251003-WA0007.jpg","datePublished":"2025-10-03T13:37:41+00:00","dateModified":"2025-10-28T15:28:31+00:00","breadcrumb":{"@id":"https:\/\/lapaltona-hass.cl\/index.php\/producto\/aceite-premium-de-palta-intensidad-suave-500-ml-borganic\/#breadcrumb"},"inLanguage":"es","potentialAction":[{"@type":"ReadAction","target":["https:\/\/lapaltona-hass.cl\/index.php\/producto\/aceite-premium-de-palta-intensidad-suave-500-ml-borganic\/"]}]},{"@type":"ImageObject","inLanguage":"es","@id":"https:\/\/lapaltona-hass.cl\/index.php\/producto\/aceite-premium-de-palta-intensidad-suave-500-ml-borganic\/#primaryimage","url":"https:\/\/lapaltona-hass.cl\/wp-content\/uploads\/2025\/10\/IMG-20251003-WA0007.jpg","contentUrl":"https:\/\/lapaltona-hass.cl\/wp-content\/uploads\/2025\/10\/IMG-20251003-WA0007.jpg","width":720,"height":705},{"@type":"BreadcrumbList","@id":"https:\/\/lapaltona-hass.cl\/index.php\/producto\/aceite-premium-de-palta-intensidad-suave-500-ml-borganic\/#breadcrumb","itemListElement":[{"@type":"ListItem","position":1,"name":"Portada","item":"https:\/\/lapaltona-hass.cl\/"},{"@type":"ListItem","position":2,"name":"Tienda","item":"https:\/\/lapaltona-hass.cl\/index.php\/tienda\/"},{"@type":"ListItem","position":3,"name":"Aceite Premium de Palta Intensidad suave 500 ml BOrganic + IVA"}]},{"@type":"WebSite","@id":"https:\/\/lapaltona-hass.cl\/#website","url":"https:\/\/lapaltona-hass.cl\/","name":"La Paltona Hass","description":"","publisher":{"@id":"https:\/\/lapaltona-hass.cl\/#organization"},"potentialAction":[{"@type":"SearchAction","target":{"@type":"EntryPoint","urlTemplate":"https:\/\/lapaltona-hass.cl\/?s={search_term_string}"},"query-input":{"@type":"PropertyValueSpecification","valueRequired":true,"valueName":"search_term_string"}}],"inLanguage":"es"},{"@type":"Organization","@id":"https:\/\/lapaltona-hass.cl\/#organization","name":"La Paltona Hass","url":"https:\/\/lapaltona-hass.cl\/","logo":{"@type":"ImageObject","inLanguage":"es","@id":"https:\/\/lapaltona-hass.cl\/#\/schema\/logo\/image\/","url":"https:\/\/lapaltona-hass.cl\/wp-content\/uploads\/2025\/10\/LOGO-LAPALTONA-NEW2.png","contentUrl":"https:\/\/lapaltona-hass.cl\/wp-content\/uploads\/2025\/10\/LOGO-LAPALTONA-NEW2.png","width":1090,"height":1118,"caption":"La Paltona Hass"},"image":{"@id":"https:\/\/lapaltona-hass.cl\/#\/schema\/logo\/image\/"}}]}},"_links":{"self":[{"href":"https:\/\/lapaltona-hass.cl\/index.php\/wp-json\/wp\/v2\/product\/409","targetHints":{"allow":["GET"]}}],"collection":[{"href":"https:\/\/lapaltona-hass.cl\/index.php\/wp-json\/wp\/v2\/product"}],"about":[{"href":"https:\/\/lapaltona-hass.cl\/index.php\/wp-json\/wp\/v2\/types\/product"}],"replies":[{"embeddable":true,"href":"https:\/\/lapaltona-hass.cl\/index.php\/wp-json\/wp\/v2\/comments?post=409"}],"wp:featuredmedia":[{"embeddable":true,"href":"https:\/\/lapaltona-hass.cl\/index.php\/wp-json\/wp\/v2\/media\/640"}],"wp:attachment":[{"href":"https:\/\/lapaltona-hass.cl\/index.php\/wp-json\/wp\/v2\/media?parent=409"}],"wp:term":[{"taxonomy":"product_brand","embeddable":true,"href":"https:\/\/lapaltona-hass.cl\/index.php\/wp-json\/wp\/v2\/product_brand?post=409"},{"taxonomy":"product_cat","embeddable":true,"href":"https:\/\/lapaltona-hass.cl\/index.php\/wp-json\/wp\/v2\/product_cat?post=409"},{"taxonomy":"product_tag","embeddable":true,"href":"https:\/\/lapaltona-hass.cl\/index.php\/wp-json\/wp\/v2\/product_tag?post=409"}],"curies":[{"name":"wp","href":"https:\/\/api.w.org\/{rel}","templated":true}]}}